{"id":15564,"date":"2021-12-28T14:01:17","date_gmt":"2021-12-28T19:01:17","guid":{"rendered":"https:\/\/www.rocksoft.ca\/test-nos-clients\/"},"modified":"2023-03-07T11:11:05","modified_gmt":"2023-03-07T16:11:05","slug":"clients","status":"publish","type":"page","link":"https:\/\/www.rocksoft.ca\/en\/clients\/","title":{"rendered":"Our Clients"},"content":{"rendered":"<p>[et_pb_section fb_built=&#8221;1&#8243; admin_label=&#8221;section&#8221; _builder_version=&#8221;4.16&#8243; background_color=&#8221;rgba(255,255,255,0.5)&#8221; transparent_background=&#8221;off&#8221; make_fullwidth=&#8221;off&#8221; use_custom_width=&#8221;off&#8221; width_unit=&#8221;on&#8221; custom_width_px=&#8221;1080px&#8221; custom_width_percent=&#8221;80%&#8221; global_colors_info=&#8221;{}&#8221;][et_pb_row column_structure=&#8221;3_4,1_4&#8243; admin_label=&#8221;row&#8221; _builder_version=&#8221;4.16&#8243; background_size=&#8221;initial&#8221; background_position=&#8221;top_left&#8221; background_repeat=&#8221;repeat&#8221; width=&#8221;70%&#8221; max_width=&#8221;70%&#8221; use_custom_width=&#8221;on&#8221; width_unit=&#8221;off&#8221; custom_width_percent=&#8221;70%&#8221; global_colors_info=&#8221;{}&#8221;][et_pb_column type=&#8221;3_4&#8243; _builder_version=&#8221;4.16&#8243; custom_padding=&#8221;|||&#8221; global_colors_info=&#8221;{}&#8221; custom_padding__hover=&#8221;|||&#8221;][et_pb_text _builder_version=&#8221;4.20.1&#8243; background_size=&#8221;initial&#8221; background_position=&#8221;top_left&#8221; background_repeat=&#8221;repeat&#8221; use_border_color=&#8221;off&#8221; global_colors_info=&#8221;{}&#8221;]<\/p>\n<h1>You are our biggest challenge!<\/h1>\n<h3>We put everything into creating your success.<\/h3>\n<p>&nbsp;<\/p>\n<p>Join the list of our satisfied customers and see why Rocksoft has been successful for over 25 years. This is the best way to prove to you that we are true productivity designers. Our commitment is to make your business more efficient in an climate of respect and dedication to your complete satisfaction.<\/p>\n<p><strong>Ready to challenge our team of productivity builders?<\/strong><\/p>\n<p>[\/et_pb_text][et_pb_text admin_label=&#8221;Our Clients Map&#8221; _builder_version=&#8221;4.16&#8243; background_size=&#8221;initial&#8221; background_position=&#8221;top_left&#8221; background_repeat=&#8221;repeat&#8221; use_border_color=&#8221;off&#8221; global_colors_info=&#8221;{}&#8221;]<iframe loading=\"lazy\" src=\"https:\/\/www.google.com\/maps\/d\/embed?mid=1_XbQA7Zq7fG2-xTurPXq1uLqzgIyR_-t&amp;ehbc&amp;z=4=2E312F\" width=\"100%\" height=\"750\"><\/iframe><br \/>\n[\/et_pb_text][et_pb_text _builder_version=&#8221;4.20.1&#8243; background_size=&#8221;initial&#8221; background_position=&#8221;top_left&#8221; background_repeat=&#8221;repeat&#8221; hover_enabled=&#8221;0&#8243; use_border_color=&#8221;off&#8221; global_colors_info=&#8221;{}&#8221; sticky_enabled=&#8221;0&#8243;]<\/p>\n<p>&nbsp;<\/p>\n<h4>Click on a block below to see some of our satisfied customers<\/h4>\n<p>[\/et_pb_text][et_pb_toggle title=&#8221;Custom made Software&#8221; icon_color=&#8221;#0c71c3&#8243; open_icon_color=&#8221;#0c71c3&#8243; admin_label=&#8221;Custom Software&#8221; module_id=&#8221;sur-mesure&#8221; _builder_version=&#8221;4.16&#8243; background_size=&#8221;initial&#8221; background_position=&#8221;top_left&#8221; background_repeat=&#8221;repeat&#8221; global_colors_info=&#8221;{}&#8221;]<iframe loading=\"lazy\" src=\"https:\/\/www.google.com\/maps\/d\/embed?mid=1HoJlEfe-ONyn5rRyWScIhmISVtXCuCUG&amp;ehbc&amp;z=5=2E312F\" width=\"100%\" height=\"750\"><\/iframe><br \/>\n[\/et_pb_toggle][et_pb_toggle title=&#8221;Office Automator&#8221; icon_color=&#8221;#0c71c3&#8243; open_icon_color=&#8221;#0c71c3&#8243; admin_label=&#8221;Office Automator&#8221; module_id=&#8221;sur-mesure&#8221; _builder_version=&#8221;4.16&#8243; background_size=&#8221;initial&#8221; background_position=&#8221;top_left&#8221; background_repeat=&#8221;repeat&#8221; use_border_color=&#8221;off&#8221; global_colors_info=&#8221;{}&#8221;]<\/p>\n<p>\n<iframe loading=\"lazy\" src=\"https:\/\/www.google.com\/maps\/d\/embed?mid=10jSsz4kBmhVVqrenKPhZe1A6FxJtdFPJ&amp;ehbc&amp;z=4=2E312F\" width=\"100%\" height=\"750\"><\/iframe><\/p>\n<p>[\/et_pb_toggle][et_pb_toggle title=&#8221;Anemone Camping&#8221; icon_color=&#8221;#0c71c3&#8243; open_icon_color=&#8221;#0c71c3&#8243; admin_label=&#8221;Anemone Camping&#8221; _builder_version=&#8221;4.16&#8243; background_size=&#8221;initial&#8221; background_position=&#8221;top_left&#8221; background_repeat=&#8221;repeat&#8221; global_colors_info=&#8221;{}&#8221;]<\/p>\n<p>\n<iframe loading=\"lazy\" src=\"https:\/\/www.google.com\/maps\/d\/embed?mid=1gzFIJjbgKYXRn4XrbVIOCkGXIVgOog2m&amp;ehbc&amp;z=5=2E312F\" width=\"100%\" height=\"750\"><\/iframe><\/p>\n<p>[\/et_pb_toggle][et_pb_toggle title=&#8221;Anemone Storage&#8221; icon_color=&#8221;#0c71c3&#8243; open_icon_color=&#8221;#0c71c3&#8243; admin_label=&#8221;Anemone Storage&#8221; _builder_version=&#8221;4.16&#8243; background_size=&#8221;initial&#8221; background_position=&#8221;top_left&#8221; background_repeat=&#8221;repeat&#8221; global_colors_info=&#8221;{}&#8221;]<\/p>\n<p>\n<iframe loading=\"lazy\" src=\"https:\/\/www.google.com\/maps\/d\/embed?mid=1uYUrNTeAV3udcR0J_LonVA-T__vZq9gE&amp;ehbc&amp;z=5=2E312F\" width=\"100%\" height=\"750\"><\/iframe><\/p>\n<p>[\/et_pb_toggle][et_pb_toggle title=&#8221;Anemone Marina&#8221; icon_color=&#8221;#0c71c3&#8243; open_icon_color=&#8221;#0c71c3&#8243; admin_label=&#8221;Anemone Marina&#8221; _builder_version=&#8221;4.16&#8243; background_size=&#8221;initial&#8221; background_position=&#8221;top_left&#8221; background_repeat=&#8221;repeat&#8221; use_border_color=&#8221;off&#8221; global_colors_info=&#8221;{}&#8221;]<\/p>\n<p>\n<iframe loading=\"lazy\" src=\"https:\/\/www.google.com\/maps\/d\/embed?mid=1pJ93j1gMKunI5nmfj5KUBVdU6Sm_C10r&amp;ehbc&amp;z=5=2E312F\" width=\"100%\" height=\"750\"><\/iframe><\/p>\n<p>[\/et_pb_toggle][et_pb_toggle title=&#8221;Anemone Expedition&#8221; icon_color=&#8221;#0c71c3&#8243; open_icon_color=&#8221;#0c71c3&#8243; admin_label=&#8221;Anemone Expedition&#8221; _builder_version=&#8221;4.16&#8243; background_size=&#8221;initial&#8221; background_position=&#8221;top_left&#8221; background_repeat=&#8221;repeat&#8221; global_colors_info=&#8221;{}&#8221;]<\/p>\n<p>\n<iframe loading=\"lazy\" src=\"https:\/\/www.google.com\/maps\/d\/embed?mid=1SQpo-rK69QqJDhdB54lJfc68cP9SzHFn&amp;ehbc&amp;z=5=2E312F\" width=\"100%\" height=\"750\"><\/iframe><\/p>\n<p>[\/et_pb_toggle][et_pb_toggle title=&#8221;Anemone Location&#8221; icon_color=&#8221;#0c71c3&#8243; open_icon_color=&#8221;#0c71c3&#8243; admin_label=&#8221;Anemone Location&#8221; _builder_version=&#8221;4.16&#8243; background_size=&#8221;initial&#8221; background_position=&#8221;top_left&#8221; background_repeat=&#8221;repeat&#8221; global_colors_info=&#8221;{}&#8221;]<\/p>\n<p>\n<iframe loading=\"lazy\" src=\"https:\/\/www.google.com\/maps\/d\/embed?mid=1FW94cl1B4Tt_P8ZtF1rk3uwp-WQ5H_bC&amp;ehbc&amp;z=5=2E312F\" width=\"100%\" height=\"750\"><\/iframe><\/p>\n<p>[\/et_pb_toggle][et_pb_toggle title=&#8221;Anemone Pension&#8221; icon_color=&#8221;#0c71c3&#8243; open_icon_color=&#8221;#0c71c3&#8243; admin_label=&#8221;Anemone Pension&#8221; _builder_version=&#8221;4.16&#8243; background_size=&#8221;initial&#8221; background_position=&#8221;top_left&#8221; background_repeat=&#8221;repeat&#8221; use_border_color=&#8221;off&#8221; global_colors_info=&#8221;{}&#8221;]<\/p>\n<p>\n<iframe loading=\"lazy\" src=\"https:\/\/www.google.com\/maps\/d\/embed?mid=1d3mAFjkW_nlaRDs8PVF1V7sl61BtUFYP&amp;ehbc&amp;z=5=2E312F\" width=\"100%\" height=\"750\"><\/iframe><\/p>\n<p>[\/et_pb_toggle][et_pb_toggle title=&#8221;Anemone Auto&#8221; icon_color=&#8221;#0c71c3&#8243; open_icon_color=&#8221;#0c71c3&#8243; admin_label=&#8221;Anemone Auto&#8221; _builder_version=&#8221;4.16&#8243; background_size=&#8221;initial&#8221; background_position=&#8221;top_left&#8221; background_repeat=&#8221;repeat&#8221; use_border_color=&#8221;off&#8221; global_colors_info=&#8221;{}&#8221;]<\/p>\n<p>\n<iframe loading=\"lazy\" src=\"https:\/\/www.google.com\/maps\/d\/embed?mid=1Ng1Kd_wZGU_SsR50kfOwgQibrglwprp3&amp;ehbc&amp;z=5=2E312F\" width=\"100%\" height=\"750\"><\/iframe><\/p>\n<p>[\/et_pb_toggle][et_pb_toggle title=&#8221;Mobybak&#8221; icon_color=&#8221;#0c71c3&#8243; open_icon_color=&#8221;#0c71c3&#8243; admin_label=&#8221;Mobybak&#8221; _builder_version=&#8221;4.16&#8243; background_size=&#8221;initial&#8221; background_position=&#8221;top_left&#8221; background_repeat=&#8221;repeat&#8221; global_colors_info=&#8221;{}&#8221;]<\/p>\n<p>\n<iframe loading=\"lazy\" src=\"https:\/\/www.google.com\/maps\/d\/embed?mid=1dmgk2DedLyhe8XGqGQBpDS0ZoBGz_kOa&amp;ehbc&amp;z=5=2E312F\" width=\"100%\" height=\"750\"><\/iframe><\/p>\n<p>[\/et_pb_toggle][et_pb_toggle title=&#8221;Barracuda&#8221; icon_color=&#8221;#0c71c3&#8243; open_icon_color=&#8221;#0c71c3&#8243; admin_label=&#8221;Barracuda&#8221; _builder_version=&#8221;4.16&#8243; background_size=&#8221;initial&#8221; background_position=&#8221;top_left&#8221; background_repeat=&#8221;repeat&#8221; use_border_color=&#8221;off&#8221; global_colors_info=&#8221;{}&#8221;]<\/p>\n<div class=\"divTable\">\n<div class=\"divTableBody\">\n<div class=\"divTableRow\">\n<div class=\"divTableCell-left\"><img loading=\"lazy\" decoding=\"async\" class=\"alignleft size-full wp-image-12905\" src=\"https:\/\/www.rocksoft.ca\/wp-content\/uploads\/2017\/02\/halle-client.jpg\" alt=\"\" width=\"280\" height=\"110\"><\/div>\n<div class=\"divTableCell-right\">Hall\u00e9 Location<\/div>\n<\/div>\n<\/div>\n<\/div>\n<p>[\/et_pb_toggle][\/et_pb_column][et_pb_column type=&#8221;1_4&#8243; _builder_version=&#8221;4.16&#8243; custom_padding=&#8221;|||&#8221; global_colors_info=&#8221;{}&#8221; custom_padding__hover=&#8221;|||&#8221;][et_pb_image src=&#8221;https:\/\/www.rocksoft.ca\/wp-content\/uploads\/2022\/01\/Logo-MSPartner3.png&#8221; align_tablet=&#8221;center&#8221; align_phone=&#8221;center&#8221; align_last_edited=&#8221;on|desktop&#8221; _builder_version=&#8221;4.16&#8243; global_colors_info=&#8221;{}&#8221;][\/et_pb_image][et_pb_blurb use_icon=&#8221;on&#8221; font_icon=&#8221;&#x76;||divi||400&#8243; icon_color=&#8221;#0069aa&#8221; icon_placement=&#8221;left&#8221; admin_label=&#8221;questions&#8221; _builder_version=&#8221;4.16&#8243; background_size=&#8221;initial&#8221; background_position=&#8221;top_left&#8221; background_repeat=&#8221;repeat&#8221; max_width_tablet=&#8221;50px&#8221; animation=&#8221;right&#8221; use_border_color=&#8221;off&#8221; circle_border_color=&#8221;#9a9693&#8243; circle_color=&#8221;#9a9693&#8243; global_colors_info=&#8221;{}&#8221;]<\/p>\n<h4 style=\"text-align: left;\">Des questions?<br \/>Contactez-nous sans tarder!<\/h4>\n<h4 style=\"text-align: left;\"><a href=\"tel:18779877877\">1-877-987-7877<\/a><\/h4>\n<p>&nbsp;<\/p>\n<p>[\/et_pb_blurb][et_pb_blurb title=&#8221;A detailed analysis of your specific needs.&#8221; use_icon=&#8221;on&#8221; font_icon=&#8221;&#x6c;||divi||400&#8243; icon_color=&#8221;#0069aa&#8221; icon_placement=&#8221;left&#8221; _builder_version=&#8221;4.16&#8243; background_size=&#8221;initial&#8221; background_position=&#8221;top_left&#8221; background_repeat=&#8221;repeat&#8221; max_width_tablet=&#8221;50px&#8221; use_border_color=&#8221;off&#8221; circle_border_color=&#8221;#9a9693&#8243; circle_color=&#8221;#9a9693&#8243; global_colors_info=&#8221;{}&#8221;][\/et_pb_blurb][et_pb_blurb title=&#8221;We are your productivity creators.&#8221; use_icon=&#8221;on&#8221; font_icon=&#8221;&#xe007;||divi||400&#8243; icon_color=&#8221;#0069aa&#8221; icon_placement=&#8221;left&#8221; _builder_version=&#8221;4.16&#8243; background_size=&#8221;initial&#8221; background_position=&#8221;top_left&#8221; background_repeat=&#8221;repeat&#8221; max_width_tablet=&#8221;50px&#8221; use_border_color=&#8221;off&#8221; circle_border_color=&#8221;#9a9693&#8243; circle_color=&#8221;#9a9693&#8243; global_colors_info=&#8221;{}&#8221;][\/et_pb_blurb][et_pb_blurb title=&#8221;We are a Microsoft certified partner.&#8221; use_icon=&#8221;on&#8221; font_icon=&#8221;&#xe012;||divi||400&#8243; icon_color=&#8221;#0069aa&#8221; icon_placement=&#8221;left&#8221; _builder_version=&#8221;4.16&#8243; background_size=&#8221;initial&#8221; background_position=&#8221;top_left&#8221; background_repeat=&#8221;repeat&#8221; max_width_tablet=&#8221;50px&#8221; use_border_color=&#8221;off&#8221; circle_border_color=&#8221;#9a9693&#8243; circle_color=&#8221;#9a9693&#8243; global_colors_info=&#8221;{}&#8221;][\/et_pb_blurb][\/et_pb_column][\/et_pb_row][\/et_pb_section]<\/p>\n","protected":false},"excerpt":{"rendered":"<p>You are our biggest challenge! We put everything into creating your success. &nbsp; Join the list of our satisfied customers and see why Rocksoft has been successful for over 25 years. This is the best way to prove to you that we are true productivity designers. Our commitment is to make your business more efficient [&hellip;]<\/p>\n","protected":false},"author":8,"featured_media":0,"parent":0,"menu_order":0,"comment_status":"closed","ping_status":"closed","template":"","meta":{"_et_pb_use_builder":"on","_et_pb_old_content":"","_et_gb_content_width":"","footnotes":""},"class_list":["post-15564","page","type-page","status-publish","hentry"],"yoast_head":"<!-- This site is optimized with the Yoast SEO plugin v27.6 - https:\/\/yoast.com\/product\/yoast-seo-wordpress\/ -->\n<title>Liste des clients de Rocksoft<\/title>\n<meta name=\"description\" content=\"D\u00e9couvrez la liste des clients qui font confiance \u00e0 Rocksoft par cat\u00e9gories de logiciels\" \/>\n<meta name=\"robots\" content=\"index, follow, max-snippet:-1, max-image-preview:large, max-video-preview:-1\" \/>\n<link rel=\"canonical\" href=\"https:\/\/www.rocksoft.ca\/en\/clients\/\" \/>\n<meta property=\"og:locale\" content=\"en_US\" \/>\n<meta property=\"og:type\" content=\"article\" \/>\n<meta property=\"og:title\" content=\"Liste des clients de Rocksoft\" \/>\n<meta property=\"og:description\" content=\"D\u00e9couvrez la liste des clients qui font confiance \u00e0 Rocksoft par cat\u00e9gories de logiciels\" \/>\n<meta property=\"og:url\" content=\"https:\/\/www.rocksoft.ca\/en\/clients\/\" \/>\n<meta property=\"og:site_name\" content=\"Rocksoft\" \/>\n<meta property=\"article:modified_time\" content=\"2023-03-07T16:11:05+00:00\" \/>\n<meta property=\"og:image\" content=\"https:\/\/www.rocksoft.ca\/wp-content\/uploads\/2017\/02\/halle-client.jpg\" \/>\n<meta name=\"twitter:label1\" content=\"Est. reading time\" \/>\n\t<meta name=\"twitter:data1\" content=\"3 minutes\" \/>\n<script type=\"application\/ld+json\" class=\"yoast-schema-graph\">{\"@context\":\"https:\\\/\\\/schema.org\",\"@graph\":[{\"@type\":\"WebPage\",\"@id\":\"https:\\\/\\\/www.rocksoft.ca\\\/en\\\/clients\\\/\",\"url\":\"https:\\\/\\\/www.rocksoft.ca\\\/en\\\/clients\\\/\",\"name\":\"Liste des clients de Rocksoft\",\"isPartOf\":{\"@id\":\"https:\\\/\\\/www.rocksoft.ca\\\/#website\"},\"primaryImageOfPage\":{\"@id\":\"https:\\\/\\\/www.rocksoft.ca\\\/en\\\/clients\\\/#primaryimage\"},\"image\":{\"@id\":\"https:\\\/\\\/www.rocksoft.ca\\\/en\\\/clients\\\/#primaryimage\"},\"thumbnailUrl\":\"https:\\\/\\\/www.rocksoft.ca\\\/wp-content\\\/uploads\\\/2017\\\/02\\\/halle-client.jpg\",\"datePublished\":\"2021-12-28T19:01:17+00:00\",\"dateModified\":\"2023-03-07T16:11:05+00:00\",\"description\":\"D\u00e9couvrez la liste des clients qui font confiance \u00e0 Rocksoft par cat\u00e9gories de logiciels\",\"breadcrumb\":{\"@id\":\"https:\\\/\\\/www.rocksoft.ca\\\/en\\\/clients\\\/#breadcrumb\"},\"inLanguage\":\"en-US\",\"potentialAction\":[{\"@type\":\"ReadAction\",\"target\":[\"https:\\\/\\\/www.rocksoft.ca\\\/en\\\/clients\\\/\"]}]},{\"@type\":\"ImageObject\",\"inLanguage\":\"en-US\",\"@id\":\"https:\\\/\\\/www.rocksoft.ca\\\/en\\\/clients\\\/#primaryimage\",\"url\":\"https:\\\/\\\/www.rocksoft.ca\\\/wp-content\\\/uploads\\\/2017\\\/02\\\/halle-client.jpg\",\"contentUrl\":\"https:\\\/\\\/www.rocksoft.ca\\\/wp-content\\\/uploads\\\/2017\\\/02\\\/halle-client.jpg\"},{\"@type\":\"BreadcrumbList\",\"@id\":\"https:\\\/\\\/www.rocksoft.ca\\\/en\\\/clients\\\/#breadcrumb\",\"itemListElement\":[{\"@type\":\"ListItem\",\"position\":1,\"name\":\"Home\",\"item\":\"https:\\\/\\\/www.rocksoft.ca\\\/en\\\/\"},{\"@type\":\"ListItem\",\"position\":2,\"name\":\"Our Clients\"}]},{\"@type\":\"WebSite\",\"@id\":\"https:\\\/\\\/www.rocksoft.ca\\\/#website\",\"url\":\"https:\\\/\\\/www.rocksoft.ca\\\/\",\"name\":\"Rocksoft\",\"description\":\"Logiciels sur mesure \\\/ Custom Software\",\"publisher\":{\"@id\":\"https:\\\/\\\/www.rocksoft.ca\\\/#organization\"},\"potentialAction\":[{\"@type\":\"SearchAction\",\"target\":{\"@type\":\"EntryPoint\",\"urlTemplate\":\"https:\\\/\\\/www.rocksoft.ca\\\/?s={search_term_string}\"},\"query-input\":{\"@type\":\"PropertyValueSpecification\",\"valueRequired\":true,\"valueName\":\"search_term_string\"}}],\"inLanguage\":\"en-US\"},{\"@type\":\"Organization\",\"@id\":\"https:\\\/\\\/www.rocksoft.ca\\\/#organization\",\"name\":\"Rocksoft inc.\",\"url\":\"https:\\\/\\\/www.rocksoft.ca\\\/\",\"logo\":{\"@type\":\"ImageObject\",\"inLanguage\":\"en-US\",\"@id\":\"https:\\\/\\\/www.rocksoft.ca\\\/#\\\/schema\\\/logo\\\/image\\\/\",\"url\":\"https:\\\/\\\/www.rocksoft.ca\\\/wp-content\\\/uploads\\\/2017\\\/09\\\/Rocksoft-Logo.jpg\",\"contentUrl\":\"https:\\\/\\\/www.rocksoft.ca\\\/wp-content\\\/uploads\\\/2017\\\/09\\\/Rocksoft-Logo.jpg\",\"width\":1024,\"height\":342,\"caption\":\"Rocksoft inc.\"},\"image\":{\"@id\":\"https:\\\/\\\/www.rocksoft.ca\\\/#\\\/schema\\\/logo\\\/image\\\/\"}}]}<\/script>\n<!-- \/ Yoast SEO plugin. -->","yoast_head_json":{"title":"Liste des clients de Rocksoft","description":"D\u00e9couvrez la liste des clients qui font confiance \u00e0 Rocksoft par cat\u00e9gories de logiciels","robots":{"index":"index","follow":"follow","max-snippet":"max-snippet:-1","max-image-preview":"max-image-preview:large","max-video-preview":"max-video-preview:-1"},"canonical":"https:\/\/www.rocksoft.ca\/en\/clients\/","og_locale":"en_US","og_type":"article","og_title":"Liste des clients de Rocksoft","og_description":"D\u00e9couvrez la liste des clients qui font confiance \u00e0 Rocksoft par cat\u00e9gories de logiciels","og_url":"https:\/\/www.rocksoft.ca\/en\/clients\/","og_site_name":"Rocksoft","article_modified_time":"2023-03-07T16:11:05+00:00","og_image":[{"url":"https:\/\/www.rocksoft.ca\/wp-content\/uploads\/2017\/02\/halle-client.jpg","type":"","width":"","height":""}],"twitter_misc":{"Est. reading time":"3 minutes"},"schema":{"@context":"https:\/\/schema.org","@graph":[{"@type":"WebPage","@id":"https:\/\/www.rocksoft.ca\/en\/clients\/","url":"https:\/\/www.rocksoft.ca\/en\/clients\/","name":"Liste des clients de Rocksoft","isPartOf":{"@id":"https:\/\/www.rocksoft.ca\/#website"},"primaryImageOfPage":{"@id":"https:\/\/www.rocksoft.ca\/en\/clients\/#primaryimage"},"image":{"@id":"https:\/\/www.rocksoft.ca\/en\/clients\/#primaryimage"},"thumbnailUrl":"https:\/\/www.rocksoft.ca\/wp-content\/uploads\/2017\/02\/halle-client.jpg","datePublished":"2021-12-28T19:01:17+00:00","dateModified":"2023-03-07T16:11:05+00:00","description":"D\u00e9couvrez la liste des clients qui font confiance \u00e0 Rocksoft par cat\u00e9gories de logiciels","breadcrumb":{"@id":"https:\/\/www.rocksoft.ca\/en\/clients\/#breadcrumb"},"inLanguage":"en-US","potentialAction":[{"@type":"ReadAction","target":["https:\/\/www.rocksoft.ca\/en\/clients\/"]}]},{"@type":"ImageObject","inLanguage":"en-US","@id":"https:\/\/www.rocksoft.ca\/en\/clients\/#primaryimage","url":"https:\/\/www.rocksoft.ca\/wp-content\/uploads\/2017\/02\/halle-client.jpg","contentUrl":"https:\/\/www.rocksoft.ca\/wp-content\/uploads\/2017\/02\/halle-client.jpg"},{"@type":"BreadcrumbList","@id":"https:\/\/www.rocksoft.ca\/en\/clients\/#breadcrumb","itemListElement":[{"@type":"ListItem","position":1,"name":"Home","item":"https:\/\/www.rocksoft.ca\/en\/"},{"@type":"ListItem","position":2,"name":"Our Clients"}]},{"@type":"WebSite","@id":"https:\/\/www.rocksoft.ca\/#website","url":"https:\/\/www.rocksoft.ca\/","name":"Rocksoft","description":"Logiciels sur mesure \/ Custom Software","publisher":{"@id":"https:\/\/www.rocksoft.ca\/#organization"},"potentialAction":[{"@type":"SearchAction","target":{"@type":"EntryPoint","urlTemplate":"https:\/\/www.rocksoft.ca\/?s={search_term_string}"},"query-input":{"@type":"PropertyValueSpecification","valueRequired":true,"valueName":"search_term_string"}}],"inLanguage":"en-US"},{"@type":"Organization","@id":"https:\/\/www.rocksoft.ca\/#organization","name":"Rocksoft inc.","url":"https:\/\/www.rocksoft.ca\/","logo":{"@type":"ImageObject","inLanguage":"en-US","@id":"https:\/\/www.rocksoft.ca\/#\/schema\/logo\/image\/","url":"https:\/\/www.rocksoft.ca\/wp-content\/uploads\/2017\/09\/Rocksoft-Logo.jpg","contentUrl":"https:\/\/www.rocksoft.ca\/wp-content\/uploads\/2017\/09\/Rocksoft-Logo.jpg","width":1024,"height":342,"caption":"Rocksoft inc."},"image":{"@id":"https:\/\/www.rocksoft.ca\/#\/schema\/logo\/image\/"}}]}},"_links":{"self":[{"href":"https:\/\/www.rocksoft.ca\/en\/wp-json\/wp\/v2\/pages\/15564","targetHints":{"allow":["GET"]}}],"collection":[{"href":"https:\/\/www.rocksoft.ca\/en\/wp-json\/wp\/v2\/pages"}],"about":[{"href":"https:\/\/www.rocksoft.ca\/en\/wp-json\/wp\/v2\/types\/page"}],"author":[{"embeddable":true,"href":"https:\/\/www.rocksoft.ca\/en\/wp-json\/wp\/v2\/users\/8"}],"replies":[{"embeddable":true,"href":"https:\/\/www.rocksoft.ca\/en\/wp-json\/wp\/v2\/comments?post=15564"}],"version-history":[{"count":12,"href":"https:\/\/www.rocksoft.ca\/en\/wp-json\/wp\/v2\/pages\/15564\/revisions"}],"predecessor-version":[{"id":15698,"href":"https:\/\/www.rocksoft.ca\/en\/wp-json\/wp\/v2\/pages\/15564\/revisions\/15698"}],"wp:attachment":[{"href":"https:\/\/www.rocksoft.ca\/en\/wp-json\/wp\/v2\/media?parent=15564"}],"curies":[{"name":"wp","href":"https:\/\/api.w.org\/{rel}","templated":true}]}}