{"id":13962,"date":"2017-04-12T15:00:12","date_gmt":"2017-04-12T20:00:12","guid":{"rendered":"https:\/\/www.rocksoft.ca\/en\/?page_id=13962"},"modified":"2017-04-18T14:27:32","modified_gmt":"2017-04-18T19:27:32","slug":"drones-videos-capture","status":"publish","type":"page","link":"https:\/\/www.rocksoft.ca\/en\/drones-videos-capture\/","title":{"rendered":"Drone&#8217;s videos capture"},"content":{"rendered":"<p>[et_pb_section bb_built=&#8221;1&#8243; admin_label=&#8221;section&#8221; transparent_background=&#8221;off&#8221; background_color=&#8221;rgba(255,255,255,0.45)&#8221; allow_player_pause=&#8221;off&#8221; inner_shadow=&#8221;off&#8221; parallax=&#8221;off&#8221; parallax_method=&#8221;off&#8221; make_fullwidth=&#8221;off&#8221; use_custom_width=&#8221;off&#8221; width_unit=&#8221;on&#8221; make_equal=&#8221;off&#8221; use_custom_gutter=&#8221;off&#8221; fullwidth=&#8221;off&#8221; specialty=&#8221;off&#8221; disabled=&#8221;off&#8221;][et_pb_row admin_label=&#8221;row&#8221; make_fullwidth=&#8221;off&#8221; use_custom_width=&#8221;off&#8221; width_unit=&#8221;off&#8221; custom_width_px=&#8221;1080px&#8221; custom_width_percent=&#8221;80%&#8221; use_custom_gutter=&#8221;off&#8221; gutter_width=&#8221;3&#8243; allow_player_pause=&#8221;off&#8221; parallax=&#8221;off&#8221; parallax_method=&#8221;on&#8221; make_equal=&#8221;off&#8221; parallax_1=&#8221;off&#8221; parallax_method_1=&#8221;on&#8221; parallax_2=&#8221;off&#8221; parallax_method_2=&#8221;on&#8221; parallax_3=&#8221;off&#8221; parallax_method_3=&#8221;on&#8221; parallax_4=&#8221;off&#8221; parallax_method_4=&#8221;on&#8221; disabled=&#8221;off&#8221;][et_pb_column type=&#8221;3_4&#8243;][et_pb_code admin_label=&#8221;Code&#8221;]&lt;iframe width=&#8221;1280&#8243; height=&#8221;720&#8243; src=&#8221;https:\/\/www.youtube.com\/embed\/4k1KQpVc_Nk?rel=0&amp;controls=1&amp;showinfo=0&amp;autoplay=1&#8243; frameborder=&#8221;0&#8243; allowfullscreen&gt;&lt;\/iframe&gt;[\/et_pb_code][et_pb_text admin_label=&#8221;desktop &amp; tablet&#8221; background_layout=&#8221;light&#8221; text_orientation=&#8221;left&#8221; disabled_on=&#8221;off||&#8221; use_border_color=&#8221;off&#8221; border_style=&#8221;solid&#8221; disabled=&#8221;off&#8221; border_color=&#8221;#ffffff&#8221;]<\/p>\n<p>&nbsp;<\/p>\n<h1>Videos taken by DRONE, for breathtaking results!<\/h1>\n<p>ROCKSOFT is proud to present video and photo taken by DRONE.\u00a0 We can capture amazing shots both in video and photo of you installations.\u00a0 We also offer custom editing to further enhance your sites beauty taken from the air.<\/p>\n<h2>A sound investment with unique shots from above!<\/h2>\n<p>Thanks to recent developments in technology our state of the art equipment will guarantee a superior video and photo image quality.\u00a0 Show you customers the beauty of your site or your current installations and reap the benefits of having a unique perspective of your installations.<\/p>\n<p>Like the saying goes: \u2018\u2019A picture is worth a thousand words!\u2019\u2019\u00a0 Imagine how a High Quality video montage can offer a complete immersion to your visitors!<\/p>\n<p>Separate yourself from the herd, and your competition, thanks to this unique experience, that is bound to generate quality leads.<\/p>\n<h2>Don\u2019t wait any longer, contact us for a free proposal on getting a bird\u2019s eye view of your installations.<\/h2>\n<h4><\/h4>\n<p>&nbsp;<\/p>\n<p>[\/et_pb_text][\/et_pb_column][et_pb_column type=&#8221;1_4&#8243;][et_pb_image admin_label=&#8221;Image&#8221; src=&#8221;https:\/\/www.rocksoft.ca\/wp-content\/uploads\/2017\/04\/dji-phantom-4.png&#8221; show_in_lightbox=&#8221;on&#8221; url_new_window=&#8221;off&#8221; use_overlay=&#8221;off&#8221; animation=&#8221;right&#8221; sticky=&#8221;off&#8221; align=&#8221;left&#8221; force_fullwidth=&#8221;off&#8221; always_center_on_mobile=&#8221;on&#8221; use_border_color=&#8221;off&#8221; border_color=&#8221;#ffffff&#8221; border_style=&#8221;solid&#8221; disabled=&#8221;off&#8221; \/][et_pb_blurb admin_label=&#8221;CTA&#8221; title=&#8221;Questions?&#8221; url_new_window=&#8221;off&#8221; use_icon=&#8221;on&#8221; font_icon=&#8221;%%85%%&#8221; icon_color=&#8221;#0069aa&#8221; use_circle=&#8221;off&#8221; circle_color=&#8221;#9a9693&#8243; use_circle_border=&#8221;off&#8221; circle_border_color=&#8221;#9a9693&#8243; icon_placement=&#8221;left&#8221; animation=&#8221;right&#8221; background_layout=&#8221;light&#8221; text_orientation=&#8221;left&#8221; use_icon_font_size=&#8221;off&#8221; use_border_color=&#8221;off&#8221; border_color=&#8221;#ffffff&#8221; border_style=&#8221;solid&#8221; disabled=&#8221;off&#8221;]<\/p>\n<h4 style=\"text-align: left;\"><a href=\"tel:18779877877\">1-877-987-7877<\/a><\/h4>\n<p>For a free quote, contact us now<\/p>\n<p>&nbsp;<\/p>\n<p>[\/et_pb_blurb][et_pb_code admin_label=&#8221;CF7&#8243; disabled=&#8221;off&#8221;]\n<div class=\"wpcf7 no-js\" id=\"wpcf7-f13165-o1\" lang=\"fr-FR\" dir=\"ltr\" data-wpcf7-id=\"13165\">\n<div class=\"screen-reader-response\"><p role=\"status\" aria-live=\"polite\" aria-atomic=\"true\"><\/p> <ul><\/ul><\/div>\n<form action=\"\/en\/wp-json\/wp\/v2\/pages\/13962#wpcf7-f13165-o1\" method=\"post\" class=\"wpcf7-form init\" aria-label=\"Formulaire de contact\" novalidate=\"novalidate\" data-status=\"init\">\n<fieldset class=\"hidden-fields-container\"><input type=\"hidden\" name=\"_wpcf7\" value=\"13165\" \/><input type=\"hidden\" name=\"_wpcf7_version\" value=\"6.1.5\" \/><input type=\"hidden\" name=\"_wpcf7_locale\" value=\"fr_FR\" \/><input type=\"hidden\" name=\"_wpcf7_unit_tag\" value=\"wpcf7-f13165-o1\" \/><input type=\"hidden\" name=\"_wpcf7_container_post\" value=\"0\" \/><input type=\"hidden\" name=\"_wpcf7_posted_data_hash\" value=\"\" \/>\n<\/fieldset>\n<p><span class=\"wpcf7-form-control-wrap\" data-name=\"your-name\"><input size=\"40\" maxlength=\"400\" class=\"wpcf7-form-control wpcf7-text wpcf7-validates-as-required\" aria-required=\"true\" aria-invalid=\"false\" placeholder=\"Name\" value=\"\" type=\"text\" name=\"your-name\" \/><\/span>\n<\/p>\n<p><span class=\"wpcf7-form-control-wrap\" data-name=\"your-email\"><input size=\"40\" maxlength=\"400\" class=\"wpcf7-form-control wpcf7-email wpcf7-validates-as-required wpcf7-text wpcf7-validates-as-email\" aria-required=\"true\" aria-invalid=\"false\" placeholder=\"Email\" value=\"\" type=\"email\" name=\"your-email\" \/><\/span>\n<\/p>\n<p><span class=\"wpcf7-form-control-wrap\" data-name=\"tel-711\"><input size=\"40\" maxlength=\"400\" class=\"wpcf7-form-control wpcf7-tel wpcf7-text wpcf7-validates-as-tel\" aria-invalid=\"false\" placeholder=\"Phone\" value=\"\" type=\"tel\" name=\"tel-711\" \/><\/span>\n<\/p>\n<p><input class=\"wpcf7-form-control wpcf7-submit has-spinner\" type=\"submit\" value=\"Submit\" \/>\n<\/p><input\n                    class=\"apbct_special_field apbct_email_id__wp_contact_form_7\"\n                    name=\"apbct__email_id__wp_contact_form_7\"\n                    aria-label=\"apbct__label_id__wp_contact_form_7\"\n                    type=\"text\" size=\"30\" maxlength=\"200\" autocomplete=\"off\"\n                    value=\"\"\n                \/><p style=\"display: none !important;\" class=\"akismet-fields-container\" data-prefix=\"_wpcf7_ak_\"><label>&#916;<textarea name=\"_wpcf7_ak_hp_textarea\" cols=\"45\" rows=\"8\" maxlength=\"100\"><\/textarea><\/label><input type=\"hidden\" id=\"ak_js_1\" name=\"_wpcf7_ak_js\" value=\"47\"\/><script type=\"text\/javascript\">\n\/* <![CDATA[ *\/\ndocument.getElementById( \"ak_js_1\" ).setAttribute( \"value\", ( new Date() ).getTime() );\n\/* ]]> *\/\n<\/script>\n<\/p><div class=\"wpcf7-response-output\" aria-hidden=\"true\"><\/div>\n<\/form>\n<\/div>\n[\/et_pb_code][\/et_pb_column][\/et_pb_row][\/et_pb_section]<\/p>\n","protected":false},"excerpt":{"rendered":"<p>&nbsp; Videos taken by DRONE, for breathtaking results! ROCKSOFT is proud to present video and photo taken by DRONE.\u00a0 We can capture amazing shots both in video and photo of you installations.\u00a0 We also offer custom editing to further enhance your sites beauty taken from the air. A sound investment with unique shots from above! [&hellip;]<\/p>\n","protected":false},"author":3,"featured_media":0,"parent":0,"menu_order":0,"comment_status":"closed","ping_status":"closed","template":"","meta":{"_et_pb_use_builder":"on","_et_pb_old_content":"<p>[et_pb_section bb_built=\"1\" admin_label=\"section\" transparent_background=\"off\" background_color=\"rgba(255,255,255,0.45)\" allow_player_pause=\"off\" inner_shadow=\"off\" parallax=\"off\" parallax_method=\"off\" make_fullwidth=\"off\" use_custom_width=\"off\" width_unit=\"on\" make_equal=\"off\" use_custom_gutter=\"off\" fullwidth=\"off\" specialty=\"off\" disabled=\"off\"][et_pb_row admin_label=\"row\" make_fullwidth=\"off\" use_custom_width=\"off\" width_unit=\"off\" custom_width_px=\"1080px\" custom_width_percent=\"80%\" use_custom_gutter=\"off\" gutter_width=\"3\" allow_player_pause=\"off\" parallax=\"off\" parallax_method=\"on\" make_equal=\"off\" parallax_1=\"off\" parallax_method_1=\"on\" parallax_2=\"off\" parallax_method_2=\"on\" parallax_3=\"off\" parallax_method_3=\"on\" parallax_4=\"off\" parallax_method_4=\"on\" disabled=\"off\"][et_pb_column type=\"3_4\"][et_pb_code admin_label=\"Code\"]<iframe width=\"1280\" height=\"720\" src=\"https:\/\/www.youtube.com\/embed\/X9gHFnS2S18?rel=0&controls=1&showinfo=0&autoplay=1\" frameborder=\"0\" allowfullscreen><\/iframe>[\/et_pb_code][et_pb_text admin_label=\"desktop & tablet\" background_layout=\"light\" text_orientation=\"left\" disabled_on=\"on||\" use_border_color=\"off\" border_style=\"solid\" disabled=\"off\" border_color=\"#ffffff\"]<\/p><h2>Des vid\u00e9os par drone pour un effet \u00e0 couper le souffle !<\/h2><p>Rocksoft est fier d'offrir ce nouveau service de prises de photos et vid\u00e9os par drone. Nous pouvons faire de la captation photo et vid\u00e9o pour offrir un montage exceptionnel qui saura illustrer la beaut\u00e9 de votre site ou vos installations.<\/p><h2>Un investissement s\u00fbr \u00e0 la hauteur de vos attentes<\/h2><p>Gr\u00e2ce aux derni\u00e8res innovations technologies, nos \u00e9quipements vous garantissent une qualit\u00e9 d'image et vid\u00e9o hors du commun. Montrez \u00e0 votre client\u00e8le la beaut\u00e9 de votre site ou de vos installations d'un point de vue \u00e9poustouflant !<\/p><p>On dit qu'une image vaut mille mots ! \u00a0Imaginez un vid\u00e9o avec son et image qui offre\u00a0une immersion compl\u00e8te \u00e0 vos visiteurs !<\/p><p>Vous pourrez vous d\u00e9marquer de la comp\u00e9tition gr\u00e2ce une exp\u00e9rience unique qui amenera de la client\u00e8le \u00e0 coup s\u00fbr.<\/p><h3>De l'\u00e9quipement professionnel haut de gamme<\/h3><p>Nos \u00e9quipements sont dot\u00e9s d'un syst\u00e8me de rep\u00e9rage GPS dernier cri avec cam\u00e9ra pivotante calibr\u00e9e qui permettent une stabilit\u00e9 d'image en toutes circonstances. De plus, nous utilisons les meilleurs outils de montage vid\u00e9os pour offrir une finition accompagn\u00e9s de transition avec messages qui ont du punch !<\/p><h3>N'attendez plus, contactez-nous pour un estim\u00e9 sans engagement<\/h3><h4>\u00a0<\/h4><p>[\/et_pb_text][\/et_pb_column][et_pb_column type=\"1_4\"][et_pb_image admin_label=\"Image\" src=\"https:\/\/www.rocksoft.ca\/wp-content\/uploads\/2017\/04\/dji-phantom-4.png\" show_in_lightbox=\"on\" url_new_window=\"off\" use_overlay=\"off\" animation=\"right\" sticky=\"off\" align=\"left\" force_fullwidth=\"off\" always_center_on_mobile=\"on\" use_border_color=\"off\" border_color=\"#ffffff\" border_style=\"solid\" disabled=\"off\" \/][et_pb_blurb admin_label=\"CTA\" title=\"Des questions?\" url_new_window=\"off\" use_icon=\"on\" font_icon=\"%%85%%\" icon_color=\"#0069aa\" use_circle=\"off\" circle_color=\"#9a9693\" use_circle_border=\"off\" circle_border_color=\"#9a9693\" icon_placement=\"left\" animation=\"right\" background_layout=\"light\" text_orientation=\"left\" use_icon_font_size=\"off\" use_border_color=\"off\" border_color=\"#ffffff\" border_style=\"solid\" disabled=\"off\"]<\/p><h4 style=\"text-align: left;\"><a href=\"tel:18779877877\">1-877-987-7877<\/a><\/h4><p>Pour plus d'information, contactez-nous! \u00a0<i class=\"fa fa-arrow-down\" style=\"color: #ff6600 !important;\"><\/i><\/p><p>[\/et_pb_blurb][et_pb_code admin_label=\"CF7\" disabled=\"off\"][contact-form-7 id=\"2418\" title=\"Barre lat\u00e9rale droite\"][\/et_pb_code][\/et_pb_column][\/et_pb_row][\/et_pb_section]<\/p>","_et_gb_content_width":"","footnotes":""},"class_list":["post-13962","page","type-page","status-publish","hentry"],"yoast_head":"<!-- This site is optimized with the Yoast SEO plugin v27.5 - https:\/\/yoast.com\/product\/yoast-seo-wordpress\/ -->\n<title>Drone&#039;s videos capture<\/title>\n<meta name=\"description\" content=\"Videos taken by DRONE, for breathtaking results! A sound investment with unique shots from above!\" \/>\n<meta name=\"robots\" content=\"index, follow, max-snippet:-1, max-image-preview:large, max-video-preview:-1\" \/>\n<link rel=\"canonical\" href=\"https:\/\/www.rocksoft.ca\/en\/drones-videos-capture\/\" \/>\n<meta property=\"og:locale\" content=\"en_US\" \/>\n<meta property=\"og:type\" content=\"article\" \/>\n<meta property=\"og:title\" content=\"Drone&#039;s videos capture\" \/>\n<meta property=\"og:description\" content=\"Videos taken by DRONE, for breathtaking results! A sound investment with unique shots from above!\" \/>\n<meta property=\"og:url\" content=\"https:\/\/www.rocksoft.ca\/en\/drones-videos-capture\/\" \/>\n<meta property=\"og:site_name\" content=\"Rocksoft\" \/>\n<meta property=\"article:modified_time\" content=\"2017-04-18T19:27:32+00:00\" \/>\n<meta name=\"twitter:label1\" content=\"Est. reading time\" \/>\n\t<meta name=\"twitter:data1\" content=\"3 minutes\" \/>\n<script type=\"application\/ld+json\" class=\"yoast-schema-graph\">{\"@context\":\"https:\\\/\\\/schema.org\",\"@graph\":[{\"@type\":\"WebPage\",\"@id\":\"https:\\\/\\\/www.rocksoft.ca\\\/en\\\/drones-videos-capture\\\/\",\"url\":\"https:\\\/\\\/www.rocksoft.ca\\\/en\\\/drones-videos-capture\\\/\",\"name\":\"Drone's videos capture\",\"isPartOf\":{\"@id\":\"https:\\\/\\\/www.rocksoft.ca\\\/#website\"},\"datePublished\":\"2017-04-12T20:00:12+00:00\",\"dateModified\":\"2017-04-18T19:27:32+00:00\",\"description\":\"Videos taken by DRONE, for breathtaking results! A sound investment with unique shots from above!\",\"breadcrumb\":{\"@id\":\"https:\\\/\\\/www.rocksoft.ca\\\/en\\\/drones-videos-capture\\\/#breadcrumb\"},\"inLanguage\":\"en-US\",\"potentialAction\":[{\"@type\":\"ReadAction\",\"target\":[\"https:\\\/\\\/www.rocksoft.ca\\\/en\\\/drones-videos-capture\\\/\"]}]},{\"@type\":\"BreadcrumbList\",\"@id\":\"https:\\\/\\\/www.rocksoft.ca\\\/en\\\/drones-videos-capture\\\/#breadcrumb\",\"itemListElement\":[{\"@type\":\"ListItem\",\"position\":1,\"name\":\"Home\",\"item\":\"https:\\\/\\\/www.rocksoft.ca\\\/en\\\/\"},{\"@type\":\"ListItem\",\"position\":2,\"name\":\"Drone&rsquo;s videos capture\"}]},{\"@type\":\"WebSite\",\"@id\":\"https:\\\/\\\/www.rocksoft.ca\\\/#website\",\"url\":\"https:\\\/\\\/www.rocksoft.ca\\\/\",\"name\":\"Rocksoft\",\"description\":\"Logiciels sur mesure \\\/ Custom Software\",\"publisher\":{\"@id\":\"https:\\\/\\\/www.rocksoft.ca\\\/#organization\"},\"potentialAction\":[{\"@type\":\"SearchAction\",\"target\":{\"@type\":\"EntryPoint\",\"urlTemplate\":\"https:\\\/\\\/www.rocksoft.ca\\\/?s={search_term_string}\"},\"query-input\":{\"@type\":\"PropertyValueSpecification\",\"valueRequired\":true,\"valueName\":\"search_term_string\"}}],\"inLanguage\":\"en-US\"},{\"@type\":\"Organization\",\"@id\":\"https:\\\/\\\/www.rocksoft.ca\\\/#organization\",\"name\":\"Rocksoft inc.\",\"url\":\"https:\\\/\\\/www.rocksoft.ca\\\/\",\"logo\":{\"@type\":\"ImageObject\",\"inLanguage\":\"en-US\",\"@id\":\"https:\\\/\\\/www.rocksoft.ca\\\/#\\\/schema\\\/logo\\\/image\\\/\",\"url\":\"https:\\\/\\\/www.rocksoft.ca\\\/wp-content\\\/uploads\\\/2017\\\/09\\\/Rocksoft-Logo.jpg\",\"contentUrl\":\"https:\\\/\\\/www.rocksoft.ca\\\/wp-content\\\/uploads\\\/2017\\\/09\\\/Rocksoft-Logo.jpg\",\"width\":1024,\"height\":342,\"caption\":\"Rocksoft inc.\"},\"image\":{\"@id\":\"https:\\\/\\\/www.rocksoft.ca\\\/#\\\/schema\\\/logo\\\/image\\\/\"}}]}<\/script>\n<!-- \/ Yoast SEO plugin. -->","yoast_head_json":{"title":"Drone's videos capture","description":"Videos taken by DRONE, for breathtaking results! A sound investment with unique shots from above!","robots":{"index":"index","follow":"follow","max-snippet":"max-snippet:-1","max-image-preview":"max-image-preview:large","max-video-preview":"max-video-preview:-1"},"canonical":"https:\/\/www.rocksoft.ca\/en\/drones-videos-capture\/","og_locale":"en_US","og_type":"article","og_title":"Drone's videos capture","og_description":"Videos taken by DRONE, for breathtaking results! A sound investment with unique shots from above!","og_url":"https:\/\/www.rocksoft.ca\/en\/drones-videos-capture\/","og_site_name":"Rocksoft","article_modified_time":"2017-04-18T19:27:32+00:00","twitter_misc":{"Est. reading time":"3 minutes"},"schema":{"@context":"https:\/\/schema.org","@graph":[{"@type":"WebPage","@id":"https:\/\/www.rocksoft.ca\/en\/drones-videos-capture\/","url":"https:\/\/www.rocksoft.ca\/en\/drones-videos-capture\/","name":"Drone's videos capture","isPartOf":{"@id":"https:\/\/www.rocksoft.ca\/#website"},"datePublished":"2017-04-12T20:00:12+00:00","dateModified":"2017-04-18T19:27:32+00:00","description":"Videos taken by DRONE, for breathtaking results! A sound investment with unique shots from above!","breadcrumb":{"@id":"https:\/\/www.rocksoft.ca\/en\/drones-videos-capture\/#breadcrumb"},"inLanguage":"en-US","potentialAction":[{"@type":"ReadAction","target":["https:\/\/www.rocksoft.ca\/en\/drones-videos-capture\/"]}]},{"@type":"BreadcrumbList","@id":"https:\/\/www.rocksoft.ca\/en\/drones-videos-capture\/#breadcrumb","itemListElement":[{"@type":"ListItem","position":1,"name":"Home","item":"https:\/\/www.rocksoft.ca\/en\/"},{"@type":"ListItem","position":2,"name":"Drone&rsquo;s videos capture"}]},{"@type":"WebSite","@id":"https:\/\/www.rocksoft.ca\/#website","url":"https:\/\/www.rocksoft.ca\/","name":"Rocksoft","description":"Logiciels sur mesure \/ Custom Software","publisher":{"@id":"https:\/\/www.rocksoft.ca\/#organization"},"potentialAction":[{"@type":"SearchAction","target":{"@type":"EntryPoint","urlTemplate":"https:\/\/www.rocksoft.ca\/?s={search_term_string}"},"query-input":{"@type":"PropertyValueSpecification","valueRequired":true,"valueName":"search_term_string"}}],"inLanguage":"en-US"},{"@type":"Organization","@id":"https:\/\/www.rocksoft.ca\/#organization","name":"Rocksoft inc.","url":"https:\/\/www.rocksoft.ca\/","logo":{"@type":"ImageObject","inLanguage":"en-US","@id":"https:\/\/www.rocksoft.ca\/#\/schema\/logo\/image\/","url":"https:\/\/www.rocksoft.ca\/wp-content\/uploads\/2017\/09\/Rocksoft-Logo.jpg","contentUrl":"https:\/\/www.rocksoft.ca\/wp-content\/uploads\/2017\/09\/Rocksoft-Logo.jpg","width":1024,"height":342,"caption":"Rocksoft inc."},"image":{"@id":"https:\/\/www.rocksoft.ca\/#\/schema\/logo\/image\/"}}]}},"_links":{"self":[{"href":"https:\/\/www.rocksoft.ca\/en\/wp-json\/wp\/v2\/pages\/13962","targetHints":{"allow":["GET"]}}],"collection":[{"href":"https:\/\/www.rocksoft.ca\/en\/wp-json\/wp\/v2\/pages"}],"about":[{"href":"https:\/\/www.rocksoft.ca\/en\/wp-json\/wp\/v2\/types\/page"}],"author":[{"embeddable":true,"href":"https:\/\/www.rocksoft.ca\/en\/wp-json\/wp\/v2\/users\/3"}],"replies":[{"embeddable":true,"href":"https:\/\/www.rocksoft.ca\/en\/wp-json\/wp\/v2\/comments?post=13962"}],"version-history":[{"count":6,"href":"https:\/\/www.rocksoft.ca\/en\/wp-json\/wp\/v2\/pages\/13962\/revisions"}],"predecessor-version":[{"id":13992,"href":"https:\/\/www.rocksoft.ca\/en\/wp-json\/wp\/v2\/pages\/13962\/revisions\/13992"}],"wp:attachment":[{"href":"https:\/\/www.rocksoft.ca\/en\/wp-json\/wp\/v2\/media?parent=13962"}],"curies":[{"name":"wp","href":"https:\/\/api.w.org\/{rel}","templated":true}]}}