{"id":13652,"date":"2017-03-03T08:55:31","date_gmt":"2017-03-03T13:55:31","guid":{"rendered":"https:\/\/www.rocksoft.ca\/en\/?page_id=13652"},"modified":"2017-03-09T13:17:00","modified_gmt":"2017-03-09T18:17:00","slug":"news","status":"publish","type":"page","link":"https:\/\/www.rocksoft.ca\/en\/news\/","title":{"rendered":"News"},"content":{"rendered":"<p>[et_pb_section admin_label=&#8221;section&#8221; transparent_background=&#8221;off&#8221; background_color=&#8221;rgba(255,255,255,0.5)&#8221; allow_player_pause=&#8221;off&#8221; inner_shadow=&#8221;off&#8221; parallax=&#8221;off&#8221; parallax_method=&#8221;off&#8221; make_fullwidth=&#8221;off&#8221; use_custom_width=&#8221;off&#8221; width_unit=&#8221;on&#8221; make_equal=&#8221;off&#8221; use_custom_gutter=&#8221;off&#8221;][et_pb_row admin_label=&#8221;Ligne&#8221;][et_pb_column type=&#8221;4_4&#8243;]<div class=\"et_pb_blog_grid_wrapper\"><div class=\"et_pb_blog_grid clearfix et_pb_bg_layout_light\">\n\t\t\t\t\t\t<article id=\"post-16009\" class=\"et_pb_post post-16009 post type-post status-publish format-standard has-post-thumbnail hentry category-non-classifiee-en\">\n\t\t\t<div class=\"et_pb_image_container\">\t\t\t\t\t\t\t<a href=\"https:\/\/www.rocksoft.ca\/en\/customer-satisfaction-a-solid-commitment-at-rocksoft\/\">\n\t\t\t\t\t\t\t\t<img loading=\"lazy\" decoding=\"async\" src=\"https:\/\/www.rocksoft.ca\/wp-content\/uploads\/2023\/09\/satisfaction-400x250.webp\" alt=\"Customer satisfaction, a solid commitment at Rocksoft\" class=\"\" srcset=\"https:\/\/www.rocksoft.ca\/wp-content\/uploads\/2023\/09\/satisfaction.webp 479w, https:\/\/www.rocksoft.ca\/wp-content\/uploads\/2023\/09\/satisfaction-400x250.webp 480w \" sizes=\"(max-width:479px) 479px, 100vw \"  width=\"400\" height=\"250\" \/>\t\t\t\t\t\t\t<\/a>\n\t\t\t\t\t<\/div> <!-- .et_pb_image_container -->\t\t\t\t\t\t\t\t\t\t\t\t<h2><a href=\"https:\/\/www.rocksoft.ca\/en\/customer-satisfaction-a-solid-commitment-at-rocksoft\/\">Customer satisfaction, a solid commitment at Rocksoft<\/a><\/h2>\n\t\t\t\t\t\t\t\t<p class=\"post-meta\">  Sep 25, 2023  <\/p>Our customer satisfaction is over 95% for a third consecutive year. We are extremely proud and grateful to be able to announce that for the third year in a row, our company has achieved an exceptional customer satisfaction score, exceeding 95%. This incredible... <a href=\"https:\/\/www.rocksoft.ca\/en\/customer-satisfaction-a-solid-commitment-at-rocksoft\/\" class=\"more-link\" >read more<\/a>\t\t\t\t\t\t<\/article> <!-- .et_pb_post -->\n\t\t\t\t\t\t<article id=\"post-15840\" class=\"et_pb_post post-15840 post type-post status-publish format-standard has-post-thumbnail hentry category-uncategorized\">\n\t\t\t<div class=\"et_pb_image_container\">\t\t\t\t\t\t\t<a href=\"https:\/\/www.rocksoft.ca\/en\/fully-automated-self-storage\/\">\n\t\t\t\t\t\t\t\t<img loading=\"lazy\" decoding=\"async\" src=\"https:\/\/www.rocksoft.ca\/wp-content\/uploads\/2023\/03\/automated-storage-400x250.jpg\" alt=\"EXCLUSIVE ! 100% automated self-storage management!\" class=\"\" srcset=\"https:\/\/www.rocksoft.ca\/wp-content\/uploads\/2023\/03\/automated-storage.jpg 479w, https:\/\/www.rocksoft.ca\/wp-content\/uploads\/2023\/03\/automated-storage-400x250.jpg 480w \" sizes=\"(max-width:479px) 479px, 100vw \"  width=\"400\" height=\"250\" \/>\t\t\t\t\t\t\t<\/a>\n\t\t\t\t\t<\/div> <!-- .et_pb_image_container -->\t\t\t\t\t\t\t\t\t\t\t\t<h2><a href=\"https:\/\/www.rocksoft.ca\/en\/fully-automated-self-storage\/\">EXCLUSIVE ! 100% automated self-storage management!<\/a><\/h2>\n\t\t\t\t\t\t\t\t<p class=\"post-meta\">  Mar 23, 2023  <\/p>Do you own a self-storage or plan to acquire one? Did you know that the management of a self-storage can be 100% automated? With Rocksoft&#8217;s Anemone Storage solution, it is possible to operate the self-storage industry autonomously, without any on-site employees!... <a href=\"https:\/\/www.rocksoft.ca\/en\/fully-automated-self-storage\/\" class=\"more-link\" >read more<\/a>\t\t\t\t\t\t<\/article> <!-- .et_pb_post -->\n\t\t\t\t\t\t<article id=\"post-13654\" class=\"et_pb_post post-13654 post type-post status-publish format-standard has-post-thumbnail hentry category-uncategorized\">\n\t\t\t<div class=\"et_pb_image_container\">\t\t\t\t\t\t\t<a href=\"https:\/\/www.rocksoft.ca\/en\/site-web-de-rocksoft-peau-neuve\/\">\n\t\t\t\t\t\t\t\t<img loading=\"lazy\" decoding=\"async\" src=\"https:\/\/www.rocksoft.ca\/wp-content\/uploads\/2017\/03\/nouveau-site-rocksoft-400x250.jpg\" alt=\"Le site web de Rocksoft fait peau neuve!\" class=\"\" srcset=\"https:\/\/www.rocksoft.ca\/wp-content\/uploads\/2017\/03\/nouveau-site-rocksoft.jpg 479w, https:\/\/www.rocksoft.ca\/wp-content\/uploads\/2017\/03\/nouveau-site-rocksoft-400x250.jpg 480w \" sizes=\"(max-width:479px) 479px, 100vw \"  width=\"400\" height=\"250\" \/>\t\t\t\t\t\t\t<\/a>\n\t\t\t\t\t<\/div> <!-- .et_pb_image_container -->\t\t\t\t\t\t\t\t\t\t\t\t<h2><a href=\"https:\/\/www.rocksoft.ca\/en\/site-web-de-rocksoft-peau-neuve\/\">Le site web de Rocksoft fait peau neuve!<\/a><\/h2>\n\t\t\t\t\t\t\t\t<p class=\"post-meta\">  Mar 2, 2017  <\/p>ROCKSOFT est fier de vous pr\u00e9senter son tout nouveau site web pour le printemps ! Nous avons compl\u00e8tement remodeler nos pages de logiciels et nous vous invitons \u00e0 les visiter pour prendre connaissance de toute la gamme de logiciels de gestion et personnalis\u00e9s que... <a href=\"https:\/\/www.rocksoft.ca\/en\/site-web-de-rocksoft-peau-neuve\/\" class=\"more-link\" >read more<\/a>\t\t\t\t\t\t<\/article> <!-- .et_pb_post -->\n\t\t\t\t\t\t<article id=\"post-13835\" class=\"et_pb_post post-13835 post type-post status-publish format-standard has-post-thumbnail hentry category-non-classifiee-en category-uncategorized\">\n\t\t\t<div class=\"et_pb_image_container\">\t\t\t\t\t\t\t<a href=\"https:\/\/www.rocksoft.ca\/en\/rocksoft-is-now-a-one-unique-partner-to-camping-quebec\/\">\n\t\t\t\t\t\t\t\t<img loading=\"lazy\" decoding=\"async\" src=\"https:\/\/www.rocksoft.ca\/wp-content\/uploads\/2016\/12\/association-camping-quebec-v4-400x250.jpg\" alt=\"ROCKSOFT is now a one unique partner to Camping Quebec!\" class=\"\" srcset=\"https:\/\/www.rocksoft.ca\/wp-content\/uploads\/2016\/12\/association-camping-quebec-v4.jpg 479w, https:\/\/www.rocksoft.ca\/wp-content\/uploads\/2016\/12\/association-camping-quebec-v4-400x250.jpg 480w \" sizes=\"(max-width:479px) 479px, 100vw \"  width=\"400\" height=\"250\" \/>\t\t\t\t\t\t\t<\/a>\n\t\t\t\t\t<\/div> <!-- .et_pb_image_container -->\t\t\t\t\t\t\t\t\t\t\t\t<h2><a href=\"https:\/\/www.rocksoft.ca\/en\/rocksoft-is-now-a-one-unique-partner-to-camping-quebec\/\">ROCKSOFT is now a one unique partner to Camping Quebec!<\/a><\/h2>\n\t\t\t\t\t\t\t\t<p class=\"post-meta\">  Dec 15, 2016  <\/p>ROCKSOFT is proud to announce its association with Camping Quebec. Our unique software designed specifically for Campgrounds has been in Quebec based campsites since 2010! The An\u00e9mone Camping software was created to simplify the work process for owners, managers and... <a href=\"https:\/\/www.rocksoft.ca\/en\/rocksoft-is-now-a-one-unique-partner-to-camping-quebec\/\" class=\"more-link\" >read more<\/a>\t\t\t\t\t\t<\/article> <!-- .et_pb_post -->\n\t\t\t\t\t\t<article id=\"post-13840\" class=\"et_pb_post post-13840 post type-post status-publish format-standard has-post-thumbnail hentry category-non-classifiee category-uncategorized\">\n\t\t\t<div class=\"et_pb_image_container\">\t\t\t\t\t\t\t<a href=\"https:\/\/www.rocksoft.ca\/en\/rocksoft-launches-it-new-member-of-the-anemone-family-of-software-solutions-anemone-pension\/\">\n\t\t\t\t\t\t\t\t<img loading=\"lazy\" decoding=\"async\" src=\"https:\/\/www.rocksoft.ca\/wp-content\/uploads\/2017\/03\/anemone-pension-en-400x250.jpg\" alt=\"ROCKSOFT launches it new member of the Anemone Family of Software solutions! Anemone PENSION!\" class=\"\" srcset=\"https:\/\/www.rocksoft.ca\/wp-content\/uploads\/2017\/03\/anemone-pension-en.jpg 479w, https:\/\/www.rocksoft.ca\/wp-content\/uploads\/2017\/03\/anemone-pension-en-400x250.jpg 480w \" sizes=\"(max-width:479px) 479px, 100vw \"  width=\"400\" height=\"250\" \/>\t\t\t\t\t\t\t<\/a>\n\t\t\t\t\t<\/div> <!-- .et_pb_image_container -->\t\t\t\t\t\t\t\t\t\t\t\t<h2><a href=\"https:\/\/www.rocksoft.ca\/en\/rocksoft-launches-it-new-member-of-the-anemone-family-of-software-solutions-anemone-pension\/\">ROCKSOFT launches it new member of the Anemone Family of Software solutions! Anemone PENSION!<\/a><\/h2>\n\t\t\t\t\t\t\t\t<p class=\"post-meta\">  Dec 1, 2016  <\/p>ROCKSOFT presents the last of the family: Anemone Pension! Proud of its expertise and experience acquired over the years thanks to Anemone Storage, Anemone Camping and Anenome\u00a0Marina. We now proudly introduce Anemone Pension, which is specifically designed for... <a href=\"https:\/\/www.rocksoft.ca\/en\/rocksoft-launches-it-new-member-of-the-anemone-family-of-software-solutions-anemone-pension\/\" class=\"more-link\" >read more<\/a>\t\t\t\t\t\t<\/article> <!-- .et_pb_post -->\n\t\t\t\n\t\t<\/div> <!-- .et_pb_posts --><\/div>[\/et_pb_column][\/et_pb_row][\/et_pb_section]<\/p>\n","protected":false},"excerpt":{"rendered":"<p>ROCKSOFT presents the last of the family: Anemone Pension! Proud of its expertise and experience acquired over the years thanks to Anemone Storage, Anemone Camping and Anenome\u00a0Marina. We now proudly introduce Anemone Pension, which is specifically designed for Kennels, K-9 managers and Animal Shelters alike. This solution simplifies and optimises owners and managers alike. Anemone [&hellip;]<\/p>\n","protected":false},"author":3,"featured_media":0,"parent":0,"menu_order":0,"comment_status":"closed","ping_status":"closed","template":"","meta":{"_et_pb_use_builder":"on","_et_pb_old_content":"<p>[et_pb_section admin_label=\"section\" transparent_background=\"off\" background_color=\"rgba(255,255,255,0.5)\" allow_player_pause=\"off\" inner_shadow=\"off\" parallax=\"off\" parallax_method=\"off\" make_fullwidth=\"off\" use_custom_width=\"off\" width_unit=\"on\" make_equal=\"off\" use_custom_gutter=\"off\"][et_pb_row admin_label=\"row\"][et_pb_column type=\"3_4\"][et_pb_blog admin_label=\"Blog\" fullwidth=\"off\" show_thumbnail=\"on\" show_content=\"off\" show_more=\"off\" show_author=\"off\" show_date=\"off\" show_categories=\"off\" show_comments=\"off\" show_pagination=\"on\" offset_number=\"0\" use_overlay=\"off\" background_layout=\"light\" use_dropshadow=\"off\" use_border_color=\"off\" border_color=\"#ffffff\" border_style=\"solid\"] [\/et_pb_blog][\/et_pb_column][et_pb_column type=\"1_4\"][\/et_pb_column][\/et_pb_row][\/et_pb_section]<\/p>","_et_gb_content_width":"","footnotes":""},"class_list":["post-13652","page","type-page","status-publish","hentry"],"yoast_head":"<!-- This site is optimized with the Yoast SEO plugin v27.4 - https:\/\/yoast.com\/product\/yoast-seo-wordpress\/ -->\n<title>News - Rocksoft<\/title>\n<meta name=\"robots\" content=\"index, follow, max-snippet:-1, max-image-preview:large, max-video-preview:-1\" \/>\n<link rel=\"canonical\" href=\"https:\/\/www.rocksoft.ca\/en\/news\/\" \/>\n<meta property=\"og:locale\" content=\"en_US\" \/>\n<meta property=\"og:type\" content=\"article\" \/>\n<meta property=\"og:title\" content=\"News - Rocksoft\" \/>\n<meta property=\"og:description\" content=\"ROCKSOFT presents the last of the family: Anemone Pension! Proud of its expertise and experience acquired over the years thanks to Anemone Storage, Anemone Camping and Anenome\u00a0Marina. We now proudly introduce Anemone Pension, which is specifically designed for Kennels, K-9 managers and Animal Shelters alike. This solution simplifies and optimises owners and managers alike. Anemone [&hellip;]\" \/>\n<meta property=\"og:url\" content=\"https:\/\/www.rocksoft.ca\/en\/news\/\" \/>\n<meta property=\"og:site_name\" content=\"Rocksoft\" \/>\n<meta property=\"article:modified_time\" content=\"2017-03-09T18:17:00+00:00\" \/>\n<meta name=\"twitter:label1\" content=\"Est. reading time\" \/>\n\t<meta name=\"twitter:data1\" content=\"1 minute\" \/>\n<script type=\"application\/ld+json\" class=\"yoast-schema-graph\">{\"@context\":\"https:\\\/\\\/schema.org\",\"@graph\":[{\"@type\":\"WebPage\",\"@id\":\"https:\\\/\\\/www.rocksoft.ca\\\/en\\\/news\\\/\",\"url\":\"https:\\\/\\\/www.rocksoft.ca\\\/en\\\/news\\\/\",\"name\":\"News - Rocksoft\",\"isPartOf\":{\"@id\":\"https:\\\/\\\/www.rocksoft.ca\\\/#website\"},\"datePublished\":\"2017-03-03T13:55:31+00:00\",\"dateModified\":\"2017-03-09T18:17:00+00:00\",\"breadcrumb\":{\"@id\":\"https:\\\/\\\/www.rocksoft.ca\\\/en\\\/news\\\/#breadcrumb\"},\"inLanguage\":\"en-US\",\"potentialAction\":[{\"@type\":\"ReadAction\",\"target\":[\"https:\\\/\\\/www.rocksoft.ca\\\/en\\\/news\\\/\"]}]},{\"@type\":\"BreadcrumbList\",\"@id\":\"https:\\\/\\\/www.rocksoft.ca\\\/en\\\/news\\\/#breadcrumb\",\"itemListElement\":[{\"@type\":\"ListItem\",\"position\":1,\"name\":\"Home\",\"item\":\"https:\\\/\\\/www.rocksoft.ca\\\/en\\\/\"},{\"@type\":\"ListItem\",\"position\":2,\"name\":\"News\"}]},{\"@type\":\"WebSite\",\"@id\":\"https:\\\/\\\/www.rocksoft.ca\\\/#website\",\"url\":\"https:\\\/\\\/www.rocksoft.ca\\\/\",\"name\":\"Rocksoft\",\"description\":\"Logiciels sur mesure \\\/ Custom Software\",\"publisher\":{\"@id\":\"https:\\\/\\\/www.rocksoft.ca\\\/#organization\"},\"potentialAction\":[{\"@type\":\"SearchAction\",\"target\":{\"@type\":\"EntryPoint\",\"urlTemplate\":\"https:\\\/\\\/www.rocksoft.ca\\\/?s={search_term_string}\"},\"query-input\":{\"@type\":\"PropertyValueSpecification\",\"valueRequired\":true,\"valueName\":\"search_term_string\"}}],\"inLanguage\":\"en-US\"},{\"@type\":\"Organization\",\"@id\":\"https:\\\/\\\/www.rocksoft.ca\\\/#organization\",\"name\":\"Rocksoft inc.\",\"url\":\"https:\\\/\\\/www.rocksoft.ca\\\/\",\"logo\":{\"@type\":\"ImageObject\",\"inLanguage\":\"en-US\",\"@id\":\"https:\\\/\\\/www.rocksoft.ca\\\/#\\\/schema\\\/logo\\\/image\\\/\",\"url\":\"https:\\\/\\\/www.rocksoft.ca\\\/wp-content\\\/uploads\\\/2017\\\/09\\\/Rocksoft-Logo.jpg\",\"contentUrl\":\"https:\\\/\\\/www.rocksoft.ca\\\/wp-content\\\/uploads\\\/2017\\\/09\\\/Rocksoft-Logo.jpg\",\"width\":1024,\"height\":342,\"caption\":\"Rocksoft inc.\"},\"image\":{\"@id\":\"https:\\\/\\\/www.rocksoft.ca\\\/#\\\/schema\\\/logo\\\/image\\\/\"}}]}<\/script>\n<!-- \/ Yoast SEO plugin. -->","yoast_head_json":{"title":"News - Rocksoft","robots":{"index":"index","follow":"follow","max-snippet":"max-snippet:-1","max-image-preview":"max-image-preview:large","max-video-preview":"max-video-preview:-1"},"canonical":"https:\/\/www.rocksoft.ca\/en\/news\/","og_locale":"en_US","og_type":"article","og_title":"News - Rocksoft","og_description":"ROCKSOFT presents the last of the family: Anemone Pension! Proud of its expertise and experience acquired over the years thanks to Anemone Storage, Anemone Camping and Anenome\u00a0Marina. We now proudly introduce Anemone Pension, which is specifically designed for Kennels, K-9 managers and Animal Shelters alike. This solution simplifies and optimises owners and managers alike. Anemone [&hellip;]","og_url":"https:\/\/www.rocksoft.ca\/en\/news\/","og_site_name":"Rocksoft","article_modified_time":"2017-03-09T18:17:00+00:00","twitter_misc":{"Est. reading time":"1 minute"},"schema":{"@context":"https:\/\/schema.org","@graph":[{"@type":"WebPage","@id":"https:\/\/www.rocksoft.ca\/en\/news\/","url":"https:\/\/www.rocksoft.ca\/en\/news\/","name":"News - Rocksoft","isPartOf":{"@id":"https:\/\/www.rocksoft.ca\/#website"},"datePublished":"2017-03-03T13:55:31+00:00","dateModified":"2017-03-09T18:17:00+00:00","breadcrumb":{"@id":"https:\/\/www.rocksoft.ca\/en\/news\/#breadcrumb"},"inLanguage":"en-US","potentialAction":[{"@type":"ReadAction","target":["https:\/\/www.rocksoft.ca\/en\/news\/"]}]},{"@type":"BreadcrumbList","@id":"https:\/\/www.rocksoft.ca\/en\/news\/#breadcrumb","itemListElement":[{"@type":"ListItem","position":1,"name":"Home","item":"https:\/\/www.rocksoft.ca\/en\/"},{"@type":"ListItem","position":2,"name":"News"}]},{"@type":"WebSite","@id":"https:\/\/www.rocksoft.ca\/#website","url":"https:\/\/www.rocksoft.ca\/","name":"Rocksoft","description":"Logiciels sur mesure \/ Custom Software","publisher":{"@id":"https:\/\/www.rocksoft.ca\/#organization"},"potentialAction":[{"@type":"SearchAction","target":{"@type":"EntryPoint","urlTemplate":"https:\/\/www.rocksoft.ca\/?s={search_term_string}"},"query-input":{"@type":"PropertyValueSpecification","valueRequired":true,"valueName":"search_term_string"}}],"inLanguage":"en-US"},{"@type":"Organization","@id":"https:\/\/www.rocksoft.ca\/#organization","name":"Rocksoft inc.","url":"https:\/\/www.rocksoft.ca\/","logo":{"@type":"ImageObject","inLanguage":"en-US","@id":"https:\/\/www.rocksoft.ca\/#\/schema\/logo\/image\/","url":"https:\/\/www.rocksoft.ca\/wp-content\/uploads\/2017\/09\/Rocksoft-Logo.jpg","contentUrl":"https:\/\/www.rocksoft.ca\/wp-content\/uploads\/2017\/09\/Rocksoft-Logo.jpg","width":1024,"height":342,"caption":"Rocksoft inc."},"image":{"@id":"https:\/\/www.rocksoft.ca\/#\/schema\/logo\/image\/"}}]}},"_links":{"self":[{"href":"https:\/\/www.rocksoft.ca\/en\/wp-json\/wp\/v2\/pages\/13652","targetHints":{"allow":["GET"]}}],"collection":[{"href":"https:\/\/www.rocksoft.ca\/en\/wp-json\/wp\/v2\/pages"}],"about":[{"href":"https:\/\/www.rocksoft.ca\/en\/wp-json\/wp\/v2\/types\/page"}],"author":[{"embeddable":true,"href":"https:\/\/www.rocksoft.ca\/en\/wp-json\/wp\/v2\/users\/3"}],"replies":[{"embeddable":true,"href":"https:\/\/www.rocksoft.ca\/en\/wp-json\/wp\/v2\/comments?post=13652"}],"version-history":[{"count":2,"href":"https:\/\/www.rocksoft.ca\/en\/wp-json\/wp\/v2\/pages\/13652\/revisions"}],"predecessor-version":[{"id":13843,"href":"https:\/\/www.rocksoft.ca\/en\/wp-json\/wp\/v2\/pages\/13652\/revisions\/13843"}],"wp:attachment":[{"href":"https:\/\/www.rocksoft.ca\/en\/wp-json\/wp\/v2\/media?parent=13652"}],"curies":[{"name":"wp","href":"https:\/\/api.w.org\/{rel}","templated":true}]}}