{"id":13107,"date":"2017-02-15T13:46:03","date_gmt":"2017-02-15T13:46:03","guid":{"rendered":"https:\/\/www.rocksoft.ca\/en\/?page_id=13107"},"modified":"2017-02-23T16:25:40","modified_gmt":"2017-02-23T16:25:40","slug":"thank-you","status":"publish","type":"page","link":"https:\/\/www.rocksoft.ca\/en\/thank-you\/","title":{"rendered":"Thank you"},"content":{"rendered":"<p>[et_pb_section admin_label=&#8221;section&#8221; transparent_background=&#8221;off&#8221; background_color=&#8221;rgba(255,255,255,0.8)&#8221; allow_player_pause=&#8221;off&#8221; inner_shadow=&#8221;off&#8221; parallax=&#8221;on&#8221; parallax_method=&#8221;off&#8221; make_fullwidth=&#8221;off&#8221; use_custom_width=&#8221;off&#8221; width_unit=&#8221;on&#8221; make_equal=&#8221;off&#8221; use_custom_gutter=&#8221;off&#8221;][et_pb_row admin_label=&#8221;row&#8221;][et_pb_column type=&#8221;3_4&#8243;][et_pb_text admin_label=&#8221;Texte&#8221; background_layout=&#8221;light&#8221; text_orientation=&#8221;left&#8221; use_border_color=&#8221;off&#8221; border_color=&#8221;#ffffff&#8221; border_style=&#8221;solid&#8221;]<\/p>\n<h1>Thanks for contacting us!<\/h1>\n<p>Your satisfaction is our priority<\/p>\n<p>We will get back to you shortly.<\/p>\n<p>&nbsp;<\/p>\n<p>&nbsp;<\/p>\n<p>&nbsp;<\/p>\n<p>&nbsp;<\/p>\n<p>&nbsp;<\/p>\n<p>&nbsp;<\/p>\n<p>&nbsp;<\/p>\n<p>&nbsp;<\/p>\n<p>[\/et_pb_text][\/et_pb_column][et_pb_column type=&#8221;1_4&#8243;][\/et_pb_column][\/et_pb_row][\/et_pb_section]<\/p>\n","protected":false},"excerpt":{"rendered":"<p>Thanks for contacting us! Your satisfaction is our priority We will get back to you shortly. &nbsp; &nbsp; &nbsp; &nbsp; &nbsp; &nbsp; &nbsp; &nbsp;<\/p>\n","protected":false},"author":3,"featured_media":0,"parent":0,"menu_order":0,"comment_status":"open","ping_status":"closed","template":"","meta":{"_et_pb_use_builder":"on","_et_pb_old_content":"[et_pb_section background_image=\"https:\/\/www.rocksoft.ca\/wp-content\/uploads\/2015\/06\/binary-bg6.jpg\" transparent_background=\"off\" background_color=\"#ffffff\" allow_player_pause=\"off\" inner_shadow=\"off\" parallax=\"on\" parallax_method=\"off\"][et_pb_row][et_pb_column type=\"3_4\"][et_pb_text admin_label=\"Texte\" background_layout=\"light\" text_orientation=\"left\"][color-box]\r\n<h1>Merci d'avoir soumis le formulaire.<\/h1>\r\nVotre satisfaction est ma priorit\u00e9.\r\n\r\nDans l'optique de mieux vous servir, prenez 2 minutes pour remplir le formulaire correspondant \u00e0 votre besoin.\r\n\r\nDe cette fa\u00e7on, je serai bien pr\u00e9par\u00e9 pour notre rencontre et je pourrai effectuer avec vous un plan de match adapt\u00e9 \u00e0 votre r\u00e9alit\u00e9.\r\n[\/color-box][\/et_pb_text][et_pb_blurb admin_label=\"R\u00e9sum\u00e9\" title=\"Qualification pour nouveau client\" url_new_window=\"off\" use_icon=\"on\" font_icon=\"l\" icon_color=\"#9a9693\" use_circle=\"off\" circle_color=\"#9a9693\" use_circle_border=\"off\" circle_border_color=\"#9a9693\" icon_placement=\"left\" animation=\"top\" background_layout=\"light\" text_orientation=\"left\" url=\"https:\/\/www.rocksoft.ca\/qualification-client\/\" use_icon_font_size=\"off\" use_border_color=\"off\" border_color=\"#ffffff\" border_style=\"solid\"]Cette \u00e9tape qui vous prendra 5 minutes maximum me permettra de mieux cerner votre r\u00e9alit\u00e9 et vos attentes.\r\n\r\n\u00c9tape qui facilitera l'atteinte de votre satisfaction \u00e0 100%.[\/et_pb_blurb][\/et_pb_column][et_pb_column type=\"1_4\"][et_pb_signup admin_label=\"S'abonner\" provider=\"mailchimp\" mailchimp_list=\"b88886e4b0\" aweber_list=\"none\" title=\"Restez \u00e0 l'affut! Recevez mon infolettre\" button_text=\"M'abonnez\" use_background_color=\"on\" background_color=\"#d5d0cd\" background_layout=\"dark\" text_orientation=\"center\" \/][\/et_pb_column][\/et_pb_row][\/et_pb_section]","_et_gb_content_width":"","footnotes":""},"class_list":["post-13107","page","type-page","status-publish","hentry"],"yoast_head":"<!-- This site is optimized with the Yoast SEO plugin v27.5 - https:\/\/yoast.com\/product\/yoast-seo-wordpress\/ -->\n<title>Thank you - Rocksoft<\/title>\n<meta name=\"robots\" content=\"index, follow, max-snippet:-1, max-image-preview:large, max-video-preview:-1\" \/>\n<link rel=\"canonical\" href=\"https:\/\/www.rocksoft.ca\/en\/thank-you\/\" \/>\n<meta property=\"og:locale\" content=\"en_US\" \/>\n<meta property=\"og:type\" content=\"article\" \/>\n<meta property=\"og:title\" content=\"Thank you - Rocksoft\" \/>\n<meta property=\"og:description\" content=\"Thanks for contacting us! Your satisfaction is our priority We will get back to you shortly. &nbsp; &nbsp; &nbsp; &nbsp; &nbsp; &nbsp; &nbsp; &nbsp;\" \/>\n<meta property=\"og:url\" content=\"https:\/\/www.rocksoft.ca\/en\/thank-you\/\" \/>\n<meta property=\"og:site_name\" content=\"Rocksoft\" \/>\n<meta property=\"article:modified_time\" content=\"2017-02-23T16:25:40+00:00\" \/>\n<meta name=\"twitter:label1\" content=\"Est. reading time\" \/>\n\t<meta name=\"twitter:data1\" content=\"1 minute\" \/>\n<script type=\"application\/ld+json\" class=\"yoast-schema-graph\">{\"@context\":\"https:\\\/\\\/schema.org\",\"@graph\":[{\"@type\":\"WebPage\",\"@id\":\"https:\\\/\\\/www.rocksoft.ca\\\/en\\\/thank-you\\\/\",\"url\":\"https:\\\/\\\/www.rocksoft.ca\\\/en\\\/thank-you\\\/\",\"name\":\"Thank you - Rocksoft\",\"isPartOf\":{\"@id\":\"https:\\\/\\\/www.rocksoft.ca\\\/#website\"},\"datePublished\":\"2017-02-15T13:46:03+00:00\",\"dateModified\":\"2017-02-23T16:25:40+00:00\",\"breadcrumb\":{\"@id\":\"https:\\\/\\\/www.rocksoft.ca\\\/en\\\/thank-you\\\/#breadcrumb\"},\"inLanguage\":\"en-US\",\"potentialAction\":[{\"@type\":\"ReadAction\",\"target\":[\"https:\\\/\\\/www.rocksoft.ca\\\/en\\\/thank-you\\\/\"]}]},{\"@type\":\"BreadcrumbList\",\"@id\":\"https:\\\/\\\/www.rocksoft.ca\\\/en\\\/thank-you\\\/#breadcrumb\",\"itemListElement\":[{\"@type\":\"ListItem\",\"position\":1,\"name\":\"Home\",\"item\":\"https:\\\/\\\/www.rocksoft.ca\\\/en\\\/\"},{\"@type\":\"ListItem\",\"position\":2,\"name\":\"Thank you\"}]},{\"@type\":\"WebSite\",\"@id\":\"https:\\\/\\\/www.rocksoft.ca\\\/#website\",\"url\":\"https:\\\/\\\/www.rocksoft.ca\\\/\",\"name\":\"Rocksoft\",\"description\":\"Logiciels sur mesure \\\/ Custom Software\",\"publisher\":{\"@id\":\"https:\\\/\\\/www.rocksoft.ca\\\/#organization\"},\"potentialAction\":[{\"@type\":\"SearchAction\",\"target\":{\"@type\":\"EntryPoint\",\"urlTemplate\":\"https:\\\/\\\/www.rocksoft.ca\\\/?s={search_term_string}\"},\"query-input\":{\"@type\":\"PropertyValueSpecification\",\"valueRequired\":true,\"valueName\":\"search_term_string\"}}],\"inLanguage\":\"en-US\"},{\"@type\":\"Organization\",\"@id\":\"https:\\\/\\\/www.rocksoft.ca\\\/#organization\",\"name\":\"Rocksoft inc.\",\"url\":\"https:\\\/\\\/www.rocksoft.ca\\\/\",\"logo\":{\"@type\":\"ImageObject\",\"inLanguage\":\"en-US\",\"@id\":\"https:\\\/\\\/www.rocksoft.ca\\\/#\\\/schema\\\/logo\\\/image\\\/\",\"url\":\"https:\\\/\\\/www.rocksoft.ca\\\/wp-content\\\/uploads\\\/2017\\\/09\\\/Rocksoft-Logo.jpg\",\"contentUrl\":\"https:\\\/\\\/www.rocksoft.ca\\\/wp-content\\\/uploads\\\/2017\\\/09\\\/Rocksoft-Logo.jpg\",\"width\":1024,\"height\":342,\"caption\":\"Rocksoft inc.\"},\"image\":{\"@id\":\"https:\\\/\\\/www.rocksoft.ca\\\/#\\\/schema\\\/logo\\\/image\\\/\"}}]}<\/script>\n<!-- \/ Yoast SEO plugin. -->","yoast_head_json":{"title":"Thank you - Rocksoft","robots":{"index":"index","follow":"follow","max-snippet":"max-snippet:-1","max-image-preview":"max-image-preview:large","max-video-preview":"max-video-preview:-1"},"canonical":"https:\/\/www.rocksoft.ca\/en\/thank-you\/","og_locale":"en_US","og_type":"article","og_title":"Thank you - Rocksoft","og_description":"Thanks for contacting us! Your satisfaction is our priority We will get back to you shortly. &nbsp; &nbsp; &nbsp; &nbsp; &nbsp; &nbsp; &nbsp; &nbsp;","og_url":"https:\/\/www.rocksoft.ca\/en\/thank-you\/","og_site_name":"Rocksoft","article_modified_time":"2017-02-23T16:25:40+00:00","twitter_misc":{"Est. reading time":"1 minute"},"schema":{"@context":"https:\/\/schema.org","@graph":[{"@type":"WebPage","@id":"https:\/\/www.rocksoft.ca\/en\/thank-you\/","url":"https:\/\/www.rocksoft.ca\/en\/thank-you\/","name":"Thank you - Rocksoft","isPartOf":{"@id":"https:\/\/www.rocksoft.ca\/#website"},"datePublished":"2017-02-15T13:46:03+00:00","dateModified":"2017-02-23T16:25:40+00:00","breadcrumb":{"@id":"https:\/\/www.rocksoft.ca\/en\/thank-you\/#breadcrumb"},"inLanguage":"en-US","potentialAction":[{"@type":"ReadAction","target":["https:\/\/www.rocksoft.ca\/en\/thank-you\/"]}]},{"@type":"BreadcrumbList","@id":"https:\/\/www.rocksoft.ca\/en\/thank-you\/#breadcrumb","itemListElement":[{"@type":"ListItem","position":1,"name":"Home","item":"https:\/\/www.rocksoft.ca\/en\/"},{"@type":"ListItem","position":2,"name":"Thank you"}]},{"@type":"WebSite","@id":"https:\/\/www.rocksoft.ca\/#website","url":"https:\/\/www.rocksoft.ca\/","name":"Rocksoft","description":"Logiciels sur mesure \/ Custom Software","publisher":{"@id":"https:\/\/www.rocksoft.ca\/#organization"},"potentialAction":[{"@type":"SearchAction","target":{"@type":"EntryPoint","urlTemplate":"https:\/\/www.rocksoft.ca\/?s={search_term_string}"},"query-input":{"@type":"PropertyValueSpecification","valueRequired":true,"valueName":"search_term_string"}}],"inLanguage":"en-US"},{"@type":"Organization","@id":"https:\/\/www.rocksoft.ca\/#organization","name":"Rocksoft inc.","url":"https:\/\/www.rocksoft.ca\/","logo":{"@type":"ImageObject","inLanguage":"en-US","@id":"https:\/\/www.rocksoft.ca\/#\/schema\/logo\/image\/","url":"https:\/\/www.rocksoft.ca\/wp-content\/uploads\/2017\/09\/Rocksoft-Logo.jpg","contentUrl":"https:\/\/www.rocksoft.ca\/wp-content\/uploads\/2017\/09\/Rocksoft-Logo.jpg","width":1024,"height":342,"caption":"Rocksoft inc."},"image":{"@id":"https:\/\/www.rocksoft.ca\/#\/schema\/logo\/image\/"}}]}},"_links":{"self":[{"href":"https:\/\/www.rocksoft.ca\/en\/wp-json\/wp\/v2\/pages\/13107","targetHints":{"allow":["GET"]}}],"collection":[{"href":"https:\/\/www.rocksoft.ca\/en\/wp-json\/wp\/v2\/pages"}],"about":[{"href":"https:\/\/www.rocksoft.ca\/en\/wp-json\/wp\/v2\/types\/page"}],"author":[{"embeddable":true,"href":"https:\/\/www.rocksoft.ca\/en\/wp-json\/wp\/v2\/users\/3"}],"replies":[{"embeddable":true,"href":"https:\/\/www.rocksoft.ca\/en\/wp-json\/wp\/v2\/comments?post=13107"}],"version-history":[{"count":4,"href":"https:\/\/www.rocksoft.ca\/en\/wp-json\/wp\/v2\/pages\/13107\/revisions"}],"predecessor-version":[{"id":13593,"href":"https:\/\/www.rocksoft.ca\/en\/wp-json\/wp\/v2\/pages\/13107\/revisions\/13593"}],"wp:attachment":[{"href":"https:\/\/www.rocksoft.ca\/en\/wp-json\/wp\/v2\/media?parent=13107"}],"curies":[{"name":"wp","href":"https:\/\/api.w.org\/{rel}","templated":true}]}}